{"id":216,"date":"2024-04-19T07:04:56","date_gmt":"2024-04-19T07:04:56","guid":{"rendered":"https:\/\/luxride.themepanthers.com\/lux\/?page_id=216"},"modified":"2026-04-13T13:04:25","modified_gmt":"2026-04-13T13:04:25","slug":"rolunk","status":"publish","type":"page","link":"https:\/\/test.vaninblack.hu\/en\/rolunk\/","title":{"rendered":"About us"},"content":{"rendered":"<div data-elementor-type=\"wp-page\" data-elementor-id=\"216\" class=\"elementor elementor-216\">\n\t\t\t\t<div class=\"elementor-element elementor-element-7ffe33b e-con-full e-flex e-con e-child\" data-id=\"7ffe33b\" data-element_type=\"container\" data-settings=\"{&quot;background_background&quot;:&quot;classic&quot;}\">\n\t\t<div class=\"elementor-element elementor-element-385a837 e-flex e-con-boxed e-con e-child\" data-id=\"385a837\" data-element_type=\"container\">\n\t\t\t\t\t<div class=\"e-con-inner\">\n\t\t\t\t<div class=\"elementor-element elementor-element-efaa015 elementor-widget elementor-widget-spacer\" data-id=\"efaa015\" data-element_type=\"widget\" data-widget_type=\"spacer.default\">\n\t\t\t\t\t\t\t<div class=\"elementor-spacer\">\n\t\t\t<div class=\"elementor-spacer-inner\"><\/div>\n\t\t<\/div>\n\t\t\t\t\t\t<\/div>\n\t\t\t\t<div class=\"elementor-element elementor-element-06936ba elementor-invisible elementor-widget elementor-widget-luxride-title-v1\" data-id=\"06936ba\" data-element_type=\"widget\" data-settings=\"{&quot;_animation&quot;:&quot;fadeInUp&quot;}\" data-widget_type=\"luxride-title-v1.default\">\n\t\t\t\t<div class=\"elementor-widget-container\">\n\t\t\t\t\t \r\n<div class=\"title_all_box style_one dark_color\">\r\n            <div class=\"font-16 color-dark mb_20 d-inline-block\">  \r\n                    <i class=\"\"><\/i>\r\n                        \n\n \r\n        <\/div>\r\n                <h2 class=\"font-44 mb_15\">About us<\/h2>\r\n        <\/div>\r\n\t\t\t\t<\/div>\n\t\t\t\t<\/div>\n\t\t\t\t<div class=\"elementor-element elementor-element-98e4f8e elementor-widget elementor-widget-spacer\" data-id=\"98e4f8e\" data-element_type=\"widget\" data-widget_type=\"spacer.default\">\n\t\t\t\t\t\t\t<div class=\"elementor-spacer\">\n\t\t\t<div class=\"elementor-spacer-inner\"><\/div>\n\t\t<\/div>\n\t\t\t\t\t\t<\/div>\n\t\t\t\t\t<\/div>\n\t\t\t\t<\/div>\n\t\t\t\t<\/div>\n\t\t<div class=\"elementor-element elementor-element-a1d1b6d e-flex e-con-boxed e-con e-parent\" data-id=\"a1d1b6d\" data-element_type=\"container\">\n\t\t\t\t\t<div class=\"e-con-inner\">\n\t\t\t\t<div class=\"elementor-element elementor-element-51c6351 elementor-invisible elementor-widget elementor-widget-luxride-title-v1\" data-id=\"51c6351\" data-element_type=\"widget\" data-settings=\"{&quot;_animation&quot;:&quot;fadeInUp&quot;}\" data-widget_type=\"luxride-title-v1.default\">\n\t\t\t\t<div class=\"elementor-widget-container\">\n\t\t\t\t\t \r\n<div class=\"title_all_box style_one dark_color\">\r\n                <h2 class=\"font-44 mb_15\">Think of a better travel experience<\/h2>\r\n                <p class=\"text-16 color-dark mb_0\">Our company specializes in van rental, with driver (up to 6 passengers\/van). Fancy a day trip beyond Budapest to Hungary\u2019s wonderfull locations? Need a lift for a festival or for your band? Would you like a safe and comfortable ride for your business partners? Interested in a tour aruond Eastern Europe up to 10 days? Want to have a night out in Vienna, Bratislava or Prague combined with your stay in Budapest? Anything is possible with us! Call it a relaxing wine tour or exploring our national parks, we got you covered! Enjoy a comfortable ride with our professional drivers and brand new fleet of Mercedes Vitos!<\/p>\r\n    <\/div>\r\n\t\t\t\t<\/div>\n\t\t\t\t<\/div>\n\t\t\t\t<div class=\"elementor-element elementor-element-7ec094f elementor-invisible elementor-widget elementor-widget-luxride-list-v1\" data-id=\"7ec094f\" data-element_type=\"widget\" data-settings=\"{&quot;_animation&quot;:&quot;fadeInUp&quot;}\" data-widget_type=\"luxride-list-v1.default\">\n\t\t\t\t<div class=\"elementor-widget-container\">\n\t\t\t\t\t  \n<ul class=\"list_items_box ul_icons dark_color list_type\">\n                        <li class=\"list_items trans icons\">\n                <div class=\"l_box d_flex align-items-center\">\n                                            <div class=\"icon_box\">\n                                                                                                                                                        <svg aria-hidden=\"false\" class=\"e-font-icon-svg e-far-check-circle\" viewbox=\"0 0 512 512\" xmlns=\"http:\/\/www.w3.org\/2000\/svg\"><path d=\"M256 8C119.033 8 8 119.033 8 256s111.033 248 248 248 248-111.033 248-248S392.967 8 256 8zm0 48c110.532 0 200 89.451 200 200 0 110.532-89.451 200-200 200-110.532 0-200-89.451-200-200 0-110.532 89.451-200 200-200m140.204 130.267l-22.536-22.718c-4.667-4.705-12.265-4.736-16.97-.068L215.346 303.697l-59.792-60.277c-4.667-4.705-12.265-4.736-16.97-.069l-22.719 22.536c-4.705 4.667-4.736 12.265-.068 16.971l90.781 91.516c4.667 4.705 12.265 4.736 16.97.068l172.589-171.204c4.704-4.668 4.734-12.266.067-16.971z\"><\/path><\/svg>                                                                                    <\/div>\n                                                                 \n                                <a class=\"d-block font-18 mb_0\" href=\"#\"  target=\"&quot;_blank&quot;\"  rel=\"&quot;nofollow&quot;\">Private minibus with driver<\/a>\n                       \n                                                            <\/div>\n                            <\/li>\n                    <li class=\"list_items trans icons\">\n                <div class=\"l_box d_flex align-items-center\">\n                                            <div class=\"icon_box\">\n                                                                                                                                                        <svg aria-hidden=\"false\" class=\"e-font-icon-svg e-far-check-circle\" viewbox=\"0 0 512 512\" xmlns=\"http:\/\/www.w3.org\/2000\/svg\"><path d=\"M256 8C119.033 8 8 119.033 8 256s111.033 248 248 248 248-111.033 248-248S392.967 8 256 8zm0 48c110.532 0 200 89.451 200 200 0 110.532-89.451 200-200 200-110.532 0-200-89.451-200-200 0-110.532 89.451-200 200-200m140.204 130.267l-22.536-22.718c-4.667-4.705-12.265-4.736-16.97-.068L215.346 303.697l-59.792-60.277c-4.667-4.705-12.265-4.736-16.97-.069l-22.719 22.536c-4.705 4.667-4.736 12.265-.068 16.971l90.781 91.516c4.667 4.705 12.265 4.736 16.97.068l172.589-171.204c4.704-4.668 4.734-12.266.067-16.971z\"><\/path><\/svg>                                                                                    <\/div>\n                                                                 \n                                <a class=\"d-block font-18 mb_0\" href=\"#\"  target=\"&quot;_blank&quot;\"  rel=\"&quot;nofollow&quot;\">Safe and peaceful journey<\/a>\n                       \n                                                            <\/div>\n                            <\/li>\n                    <li class=\"list_items trans icons\">\n                <div class=\"l_box d_flex align-items-center\">\n                                            <div class=\"icon_box\">\n                                                                                                                                                        <svg aria-hidden=\"false\" class=\"e-font-icon-svg e-far-check-circle\" viewbox=\"0 0 512 512\" xmlns=\"http:\/\/www.w3.org\/2000\/svg\"><path d=\"M256 8C119.033 8 8 119.033 8 256s111.033 248 248 248 248-111.033 248-248S392.967 8 256 8zm0 48c110.532 0 200 89.451 200 200 0 110.532-89.451 200-200 200-110.532 0-200-89.451-200-200 0-110.532 89.451-200 200-200m140.204 130.267l-22.536-22.718c-4.667-4.705-12.265-4.736-16.97-.068L215.346 303.697l-59.792-60.277c-4.667-4.705-12.265-4.736-16.97-.069l-22.719 22.536c-4.705 4.667-4.736 12.265-.068 16.971l90.781 91.516c4.667 4.705 12.265 4.736 16.97.068l172.589-171.204c4.704-4.668 4.734-12.266.067-16.971z\"><\/path><\/svg>                                                                                    <\/div>\n                                                                 \n                                <a class=\"d-block font-18 mb_0\" href=\"#\"  target=\"&quot;_blank&quot;\"  rel=\"&quot;nofollow&quot;\">Flexible, personalized solutions<\/a>\n                       \n                                                            <\/div>\n                            <\/li>\n                    <li class=\"list_items trans icons\">\n                <div class=\"l_box d_flex align-items-center\">\n                                            <div class=\"icon_box\">\n                                                                                                                                                        <svg aria-hidden=\"false\" class=\"e-font-icon-svg e-far-check-circle\" viewbox=\"0 0 512 512\" xmlns=\"http:\/\/www.w3.org\/2000\/svg\"><path d=\"M256 8C119.033 8 8 119.033 8 256s111.033 248 248 248 248-111.033 248-248S392.967 8 256 8zm0 48c110.532 0 200 89.451 200 200 0 110.532-89.451 200-200 200-110.532 0-200-89.451-200-200 0-110.532 89.451-200 200-200m140.204 130.267l-22.536-22.718c-4.667-4.705-12.265-4.736-16.97-.068L215.346 303.697l-59.792-60.277c-4.667-4.705-12.265-4.736-16.97-.069l-22.719 22.536c-4.705 4.667-4.736 12.265-.068 16.971l90.781 91.516c4.667 4.705 12.265 4.736 16.97.068l172.589-171.204c4.704-4.668 4.734-12.266.067-16.971z\"><\/path><\/svg>                                                                                    <\/div>\n                                                                 \n                                <a class=\"d-block font-18 mb_0\" href=\"#\"  target=\"&quot;_blank&quot;\"  rel=\"&quot;nofollow&quot;\">Elegant appearance, professional service<\/a>\n                       \n                                                            <\/div>\n                            <\/li>\n                    <li class=\"list_items trans icons\">\n                <div class=\"l_box d_flex align-items-center\">\n                                            <div class=\"icon_box\">\n                                                                                                                                                        <svg aria-hidden=\"false\" class=\"e-font-icon-svg e-far-check-circle\" viewbox=\"0 0 512 512\" xmlns=\"http:\/\/www.w3.org\/2000\/svg\"><path d=\"M256 8C119.033 8 8 119.033 8 256s111.033 248 248 248 248-111.033 248-248S392.967 8 256 8zm0 48c110.532 0 200 89.451 200 200 0 110.532-89.451 200-200 200-110.532 0-200-89.451-200-200 0-110.532 89.451-200 200-200m140.204 130.267l-22.536-22.718c-4.667-4.705-12.265-4.736-16.97-.068L215.346 303.697l-59.792-60.277c-4.667-4.705-12.265-4.736-16.97-.069l-22.719 22.536c-4.705 4.667-4.736 12.265-.068 16.971l90.781 91.516c4.667 4.705 12.265 4.736 16.97.068l172.589-171.204c4.704-4.668 4.734-12.266.067-16.971z\"><\/path><\/svg>                                                                                    <\/div>\n                                                                 \n                                <a class=\"d-block font-18 mb_0\" href=\"#\"  target=\"&quot;_blank&quot;\"  rel=\"&quot;nofollow&quot;\">No hidden fees<\/a>\n                       \n                                                            <\/div>\n                            <\/li>\n            <\/ul>\n\n\t\t\t\t<\/div>\n\t\t\t\t<\/div>\n\t\t\t\t\t<\/div>\n\t\t\t\t<\/div>\n\t\t <div class=\"elementor-element elementor-element-1c8fc91 e-con-full e-flex e-con e-parent\" data-id=\"1c8fc91\" data-element_type=\"container\">\n\t\t<div class=\"elementor-element elementor-element-69a4a17 e-flex e-con-boxed e-con e-child\" data-id=\"69a4a17\" data-element_type=\"container\" data-settings=\"{&quot;background_background&quot;:&quot;classic&quot;}\">\n\t\t\t\t\t<div class=\"e-con-inner\">\n\t\t<div class=\"elementor-element elementor-element-ddae4b5 e-con-full e-flex e-con e-child\" data-id=\"ddae4b5\" data-element_type=\"container\">\n\t\t\t\t<div class=\"elementor-element elementor-element-e76878a elementor-widget__width-initial elementor-invisible elementor-widget elementor-widget-luxride-title-v1\" data-id=\"e76878a\" data-element_type=\"widget\" data-settings=\"{&quot;_animation&quot;:&quot;fadeInUp&quot;}\" data-widget_type=\"luxride-title-v1.default\">\n\t\t\t\t<div class=\"elementor-widget-container\">\n\t\t\t\t\t \r\n<div class=\"title_all_box style_one dark_color\">\r\n                <h2 class=\"font-44 mb_15\">Experience in numbers<\/h2>\r\n        <\/div>\r\n\t\t\t\t<\/div>\n\t\t\t\t<\/div>\n\t\t\t\t<\/div>\n\t\t<div class=\"elementor-element elementor-element-c3b49bf e-con-full e-flex e-con e-child\" data-id=\"c3b49bf\" data-element_type=\"container\">\n\t\t\t\t<div class=\"elementor-element elementor-element-b8129d3 elementor-invisible elementor-widget elementor-widget-luxride-fun-facts-box\" data-id=\"b8129d3\" data-element_type=\"widget\" data-settings=\"{&quot;_animation&quot;:&quot;fadeInUp&quot;}\" data-widget_type=\"luxride-fun-facts-box.default\">\n\t\t\t\t<div class=\"elementor-widget-container\">\n\t\t\t\t\t  \r\n            <div class=\"icon-box-widget trans counter_block d_flex ccolumn box_center\"> \r\n                    <div class=\"content\">\r\n                            <div class=\"coun_ter font-44 color-dark  mb_10\">\r\n                    <span class=\"count-text\">50<\/span>\r\n                    <small>+<\/small>\r\n                <\/div>\r\n                                        <div class=\"font-20 color-dark mb_15\">Number of weddings<\/div>\r\n                          \r\n            <\/div> \r\n    <\/div> \r\n      \r\n\t\t\t\t<\/div>\n\t\t\t\t<\/div>\n\t\t\t\t<\/div>\n\t\t<div class=\"elementor-element elementor-element-49797c6 e-con-full e-flex e-con e-child\" data-id=\"49797c6\" data-element_type=\"container\">\n\t\t\t\t<div class=\"elementor-element elementor-element-0c8d63f elementor-invisible elementor-widget elementor-widget-luxride-fun-facts-box\" data-id=\"0c8d63f\" data-element_type=\"widget\" data-settings=\"{&quot;_animation&quot;:&quot;fadeInUp&quot;}\" data-widget_type=\"luxride-fun-facts-box.default\">\n\t\t\t\t<div class=\"elementor-widget-container\">\n\t\t\t\t\t  \r\n            <div class=\"icon-box-widget trans counter_block d_flex ccolumn box_center\"> \r\n                    <div class=\"content\">\r\n                            <div class=\"coun_ter font-44 color-dark  mb_10\">\r\n                    <span class=\"count-text\">483<\/span>\r\n                    <small><\/small>\r\n                <\/div>\r\n                                        <div class=\"font-20 color-dark mb_15\">Number of trips<\/div>\r\n                          \r\n            <\/div> \r\n    <\/div> \r\n      \r\n\t\t\t\t<\/div>\n\t\t\t\t<\/div>\n\t\t\t\t<\/div>\n\t\t<div class=\"elementor-element elementor-element-89ec359 e-con-full e-flex e-con e-child\" data-id=\"89ec359\" data-element_type=\"container\">\n\t\t\t\t<div class=\"elementor-element elementor-element-fa779cf elementor-invisible elementor-widget elementor-widget-luxride-fun-facts-box\" data-id=\"fa779cf\" data-element_type=\"widget\" data-settings=\"{&quot;_animation&quot;:&quot;fadeInUp&quot;}\" data-widget_type=\"luxride-fun-facts-box.default\">\n\t\t\t\t<div class=\"elementor-widget-container\">\n\t\t\t\t\t  \r\n            <div class=\"icon-box-widget trans counter_block d_flex ccolumn box_center\"> \r\n                    <div class=\"content\">\r\n                            <div class=\"coun_ter font-44 color-dark  mb_10\">\r\n                    <span class=\"count-text\">250k<\/span>\r\n                    <small>+<\/small>\r\n                <\/div>\r\n                                        <div class=\"font-20 color-dark mb_15\">\nKilometers traveled<\/div>\r\n                          \r\n            <\/div> \r\n    <\/div> \r\n      \r\n\t\t\t\t<\/div>\n\t\t\t\t<\/div>\n\t\t\t\t<\/div>\n\t\t\t\t\t<\/div>\n\t\t\t\t<\/div>\n\t\t\t\t<\/div>\n\t\t<div class=\"elementor-element elementor-element-f8bb562 e-con-full e-flex e-con e-parent\" data-id=\"f8bb562\" data-element_type=\"container\" data-settings=\"{&quot;background_background&quot;:&quot;classic&quot;}\">\n\t\t<div class=\"elementor-element elementor-element-b0c3efd e-flex e-con-boxed e-con e-child\" data-id=\"b0c3efd\" data-element_type=\"container\">\n\t\t\t\t\t<div class=\"e-con-inner\">\n\t\t<div class=\"elementor-element elementor-element-330754f e-flex e-con-boxed e-con e-child\" data-id=\"330754f\" data-element_type=\"container\">\n\t\t\t\t\t<div class=\"e-con-inner\">\n\t\t\t\t<div class=\"elementor-element elementor-element-4f71e39 elementor-invisible elementor-widget elementor-widget-luxride-title-v1\" data-id=\"4f71e39\" data-element_type=\"widget\" data-settings=\"{&quot;_animation&quot;:&quot;fadeInUp&quot;}\" data-widget_type=\"luxride-title-v1.default\">\n\t\t\t\t<div class=\"elementor-widget-container\">\n\t\t\t\t\t \r\n<div class=\"title_all_box style_one dark_color\">\r\n                <h2 class=\"font-44 mb_15\">Our fleet<\/h2>\r\n        <\/div>\r\n\t\t\t\t<\/div>\n\t\t\t\t<\/div>\n\t\t\t\t\t<\/div>\n\t\t\t\t<\/div>\n\t\t<div class=\"elementor-element elementor-element-21cff4b e-con-full e-flex e-con e-child\" data-id=\"21cff4b\" data-element_type=\"container\">\n\t\t\t\t<div class=\"elementor-element elementor-element-3425114 elementor-widget elementor-widget-spacer\" data-id=\"3425114\" data-element_type=\"widget\" data-widget_type=\"spacer.default\">\n\t\t\t\t\t\t\t<div class=\"elementor-spacer\">\n\t\t\t<div class=\"elementor-spacer-inner\"><\/div>\n\t\t<\/div>\n\t\t\t\t\t\t<\/div>\n\t\t\t\t<\/div>\n\t\t\t\t\t<\/div>\n\t\t\t\t<\/div>\n\t\t<div class=\"elementor-element elementor-element-39dbbd9 e-flex e-con-boxed e-con e-child\" data-id=\"39dbbd9\" data-element_type=\"container\">\n\t\t\t\t\t<div class=\"e-con-inner\">\n\t\t\t\t<div class=\"elementor-element elementor-element-a4ef52c elementor-widget elementor-widget-luxride-fleet-grid-v1\" data-id=\"a4ef52c\" data-element_type=\"widget\" data-widget_type=\"luxride-fleet-grid-v1.default\">\n\t\t\t\t<div class=\"elementor-widget-container\">\n\t\t\t\t\t \n \n    <div class=\"grid_view\">\n    <div class=\"row\">\n                                                                            <div class=\"col-xl-6 col-lg-6 col-md-6 col-sm-6\">\n                            <div class=\"fleet_card mb_30 position-relative trans one\"> \n                                <a href=\"https:\/\/test.vaninblack.hu\/en\/ourfleet\/business-class-2-2\/\" class=\"trim-2 font-20 color-dark mb_10 d-block\">Van in Black<\/a>                                                                                                <a href=\"https:\/\/test.vaninblack.hu\/en\/ourfleet\/business-class-2-2\/\" class=\"image  d-block\"> \n                                    <img decoding=\"async\" width=\"200\" height=\"113\" src=\"https:\/\/test.vaninblack.hu\/wp-content\/uploads\/2024\/04\/1.png\" class=\"trans wp-post-image\" alt=\"\" srcset=\"https:\/\/test.vaninblack.hu\/wp-content\/uploads\/2024\/04\/1.png 1303w, https:\/\/test.vaninblack.hu\/wp-content\/uploads\/2024\/04\/1-300x169.png 300w, https:\/\/test.vaninblack.hu\/wp-content\/uploads\/2024\/04\/1-1024x576.png 1024w, https:\/\/test.vaninblack.hu\/wp-content\/uploads\/2024\/04\/1-768x432.png 768w, https:\/\/test.vaninblack.hu\/wp-content\/uploads\/2024\/04\/1-600x338.png 600w\" sizes=\"(max-width: 200px) 100vw, 200px\" \/>                                <\/a> \n                                                                      \t\t\t\t<div class=\"fleet_meta d_flex\">\n\t\t\t\t\t\t\t\t\t\t\t<div class=\"icon_text d_flex\">\n\t\t\t\t\t\t\t\t\t\t\t\t\t\t\t<div class=\"icon trans\">\n\t\t\t\t\t\t\t\t\t<img decoding=\"async\" src=\"https:\/\/luxride.themepanthers.com\/lux2\/wp-content\/uploads\/2024\/04\/friend.svg\" class=\"iconimg\" alt=\"Fleet Icon\" \/>\n\t\t\t\t\t\t\t\t<\/div>\n\t\t\t\t\t\t\t\t\t\t\t\t\t\t\t\t\t\t\t\t\t\t<div class=\"text text-14\">Persons 6<\/div>\n\t\t\t\t\t\t\t\t\t\t\t\t\t<\/div>\n\t\t\t\t\t\t\t\t\t\t\t<div class=\"icon_text d_flex\">\n\t\t\t\t\t\t\t\t\t\t\t\t\t\t\t<div class=\"icon trans\">\n\t\t\t\t\t\t\t\t\t<img decoding=\"async\" src=\"https:\/\/luxride.themepanthers.com\/lux2\/wp-content\/uploads\/2024\/04\/luggage.svg\" class=\"iconimg\" alt=\"Fleet Icon\" \/>\n\t\t\t\t\t\t\t\t<\/div>\n\t\t\t\t\t\t\t\t\t\t\t\t\t\t\t\t\t\t\t\t\t\t<div class=\"text text-14\">Csomagok 10<\/div>\n\t\t\t\t\t\t\t\t\t\t\t\t\t<\/div>\n\t\t\t\t\t\n\t\t\t\t\t\t\t\t\t<\/div>\n\t\t\t\t \n                            <\/div>\n                        <\/div>\n                                                                                                                <div class=\"col-xl-6 col-lg-6 col-md-6 col-sm-6\">\n                            <div class=\"fleet_card mb_30 position-relative trans one\"> \n                                <a href=\"https:\/\/test.vaninblack.hu\/en\/ourfleet\/benz-vito-grafit\/\" class=\"trim-2 font-20 color-dark mb_10 d-block\">Van in Graphite<\/a>                                                                                                <a href=\"https:\/\/test.vaninblack.hu\/en\/ourfleet\/benz-vito-grafit\/\" class=\"image  d-block\"> \n                                    <img decoding=\"async\" width=\"200\" height=\"112\" src=\"https:\/\/test.vaninblack.hu\/wp-content\/uploads\/2024\/04\/verda-1.png\" class=\"trans wp-post-image\" alt=\"\" srcset=\"https:\/\/test.vaninblack.hu\/wp-content\/uploads\/2024\/04\/verda-1.png 1394w, https:\/\/test.vaninblack.hu\/wp-content\/uploads\/2024\/04\/verda-1-300x169.png 300w, https:\/\/test.vaninblack.hu\/wp-content\/uploads\/2024\/04\/verda-1-1024x575.png 1024w, https:\/\/test.vaninblack.hu\/wp-content\/uploads\/2024\/04\/verda-1-768x431.png 768w, https:\/\/test.vaninblack.hu\/wp-content\/uploads\/2024\/04\/verda-1-600x337.png 600w\" sizes=\"(max-width: 200px) 100vw, 200px\" \/>                                <\/a> \n                                                                      \t\t\t\t<div class=\"fleet_meta d_flex\">\n\t\t\t\t\t\t\t\t\t\t\t<div class=\"icon_text d_flex\">\n\t\t\t\t\t\t\t\t\t\t\t\t\t\t\t<div class=\"icon trans\">\n\t\t\t\t\t\t\t\t\t<img decoding=\"async\" src=\"https:\/\/luxride.themepanthers.com\/lux\/wp-content\/uploads\/2024\/04\/friend.svg\" class=\"iconimg\" alt=\"Fleet Icon\" \/>\n\t\t\t\t\t\t\t\t<\/div>\n\t\t\t\t\t\t\t\t\t\t\t\t\t\t\t\t\t\t\t\t\t\t<div class=\"text text-14\">Persons 6<\/div>\n\t\t\t\t\t\t\t\t\t\t\t\t\t<\/div>\n\t\t\t\t\t\t\t\t\t\t\t<div class=\"icon_text d_flex\">\n\t\t\t\t\t\t\t\t\t\t\t\t\t\t\t<div class=\"icon trans\">\n\t\t\t\t\t\t\t\t\t<img decoding=\"async\" src=\"https:\/\/luxride.themepanthers.com\/lux\/wp-content\/uploads\/2024\/04\/luggage.svg\" class=\"iconimg\" alt=\"Fleet Icon\" \/>\n\t\t\t\t\t\t\t\t<\/div>\n\t\t\t\t\t\t\t\t\t\t\t\t\t\t\t\t\t\t\t\t\t\t<div class=\"text text-14\">Csomagok 10<\/div>\n\t\t\t\t\t\t\t\t\t\t\t\t\t<\/div>\n\t\t\t\t\t\n\t\t\t\t\t\t\t\t\t<\/div>\n\t\t\t\t \n                            <\/div>\n                        <\/div>\n                                                                                          \n                 \n    <\/div>\n            <div class=\"row\">\n            <div class=\"col-lg-12\">\n                <div class=\"pagination_fleet pagination-area\"> \n                              \n                <\/div>\n            <\/div>     \n        <\/div> \n      \n    <\/div> \n \n\t\t\t\t<\/div>\n\t\t\t\t<\/div>\n\t\t\t\t\t<\/div>\n\t\t\t\t<\/div>\n\t\t\t\t<\/div>\n\t\t\t\t<\/div>","protected":false},"excerpt":{"rendered":"<p>R\u00f3lunk \u00dajragondoljuk az utaz\u00e1s \u00e9lm\u00e9ny\u00e9t C\u00e9g\u00fcnk aj\u00e1nlata: minibusz b\u00e9rbead\u00e1s sof\u0151rrel (maximum 6 f\u0151\/minibusz). Szeretn\u00e9 megismerni Magyarorsz\u00e1g rejtett kincseit? Eleg\u00e1ns aut\u00f3t keres az esk\u00fcv\u0151i fot\u00f3khoz, net\u00e1n a n\u00e1szn\u00e9p nyugodt hazat\u00e9r\u00e9s\u00e9r\u0151l gondoskodna? Biztons\u00e1gos \u00e9s k\u00e9nyelmes utat biztos\u00edtana \u00fczleti partnereinek? Sz\u00fcks\u00e9ge van fesztiv\u00e1ltranszferre \u00f6nnek vagy el\u0151ad\u00f3j\u00e1nak? \u00c9rdekli egy hosszabban tart\u00f3 utaz\u00e1s? B\u00e9csi, pr\u00e1gai vagy pozsonyi kiruccan\u00e1s? Ak\u00e1r egy [&hellip;]<\/p>\n","protected":false},"author":1,"featured_media":0,"parent":0,"menu_order":0,"comment_status":"closed","ping_status":"closed","template":"template-fullwidth.php","meta":{"footnotes":""},"class_list":["post-216","page","type-page","status-publish","hentry"],"_links":{"self":[{"href":"https:\/\/test.vaninblack.hu\/en\/wp-json\/wp\/v2\/pages\/216","targetHints":{"allow":["GET"]}}],"collection":[{"href":"https:\/\/test.vaninblack.hu\/en\/wp-json\/wp\/v2\/pages"}],"about":[{"href":"https:\/\/test.vaninblack.hu\/en\/wp-json\/wp\/v2\/types\/page"}],"author":[{"embeddable":true,"href":"https:\/\/test.vaninblack.hu\/en\/wp-json\/wp\/v2\/users\/1"}],"replies":[{"embeddable":true,"href":"https:\/\/test.vaninblack.hu\/en\/wp-json\/wp\/v2\/comments?post=216"}],"version-history":[{"count":56,"href":"https:\/\/test.vaninblack.hu\/en\/wp-json\/wp\/v2\/pages\/216\/revisions"}],"predecessor-version":[{"id":10158,"href":"https:\/\/test.vaninblack.hu\/en\/wp-json\/wp\/v2\/pages\/216\/revisions\/10158"}],"wp:attachment":[{"href":"https:\/\/test.vaninblack.hu\/en\/wp-json\/wp\/v2\/media?parent=216"}],"curies":[{"name":"wp","href":"https:\/\/api.w.org\/{rel}","templated":true}]}}