{"id":5332,"date":"2024-05-10T08:26:43","date_gmt":"2024-05-10T08:26:43","guid":{"rendered":"https:\/\/luxride.themepanthers.com\/lux\/?page_id=5332"},"modified":"2026-04-02T14:53:13","modified_gmt":"2026-04-02T14:53:13","slug":"szolgaltatasaink","status":"publish","type":"page","link":"https:\/\/test.vaninblack.hu\/en\/szolgaltatasaink\/","title":{"rendered":"Our services"},"content":{"rendered":"<div data-elementor-type=\"wp-page\" data-elementor-id=\"5332\" class=\"elementor elementor-5332\">\n\t\t\t\t<div class=\"elementor-element elementor-element-4cd6157 e-con-full e-flex e-con e-child\" data-id=\"4cd6157\" data-element_type=\"container\" data-settings=\"{&quot;background_background&quot;:&quot;classic&quot;}\">\n\t\t<div class=\"elementor-element elementor-element-fa97e75 e-flex e-con-boxed e-con e-child\" data-id=\"fa97e75\" data-element_type=\"container\">\n\t\t\t\t\t<div class=\"e-con-inner\">\n\t\t\t\t<div class=\"elementor-element elementor-element-f1b6808 elementor-widget elementor-widget-spacer\" data-id=\"f1b6808\" data-element_type=\"widget\" data-widget_type=\"spacer.default\">\n\t\t\t\t\t\t\t<div class=\"elementor-spacer\">\n\t\t\t<div class=\"elementor-spacer-inner\"><\/div>\n\t\t<\/div>\n\t\t\t\t\t\t<\/div>\n\t\t\t\t<div class=\"elementor-element elementor-element-3f85d26 elementor-invisible elementor-widget elementor-widget-luxride-title-v1\" data-id=\"3f85d26\" data-element_type=\"widget\" data-settings=\"{&quot;_animation&quot;:&quot;fadeInUp&quot;}\" data-widget_type=\"luxride-title-v1.default\">\n\t\t\t\t<div class=\"elementor-widget-container\">\n\t\t\t\t\t \r\n<div class=\"title_all_box style_one dark_color\">\r\n            <div class=\"font-16 color-dark mb_20 d-inline-block\">  \r\n                    <i class=\"\"><\/i>\r\n                        \n\n \r\n        <\/div>\r\n                <h2 class=\"font-44 mb_15\">Our services<\/h2>\r\n        <\/div>\r\n\t\t\t\t<\/div>\n\t\t\t\t<\/div>\n\t\t\t\t<div class=\"elementor-element elementor-element-dd046a2 elementor-widget elementor-widget-spacer\" data-id=\"dd046a2\" data-element_type=\"widget\" data-widget_type=\"spacer.default\">\n\t\t\t\t\t\t\t<div class=\"elementor-spacer\">\n\t\t\t<div class=\"elementor-spacer-inner\"><\/div>\n\t\t<\/div>\n\t\t\t\t\t\t<\/div>\n\t\t\t\t\t<\/div>\n\t\t\t\t<\/div>\n\t\t\t\t<\/div>\n\t\t<div class=\"elementor-element elementor-element-42e0d35 e-flex e-con-boxed e-con e-parent\" data-id=\"42e0d35\" data-element_type=\"container\" data-settings=\"{&quot;background_background&quot;:&quot;classic&quot;}\">\n\t\t\t\t\t<div class=\"e-con-inner\">\n\t\t\t\t<div class=\"elementor-element elementor-element-a8281ef elementor-widget elementor-widget-spacer\" data-id=\"a8281ef\" data-element_type=\"widget\" data-widget_type=\"spacer.default\">\n\t\t\t\t\t\t\t<div class=\"elementor-spacer\">\n\t\t\t<div class=\"elementor-spacer-inner\"><\/div>\n\t\t<\/div>\n\t\t\t\t\t\t<\/div>\n\t\t\t\t<div class=\"elementor-element elementor-element-c1deb5b elementor-invisible elementor-widget elementor-widget-luxride-service-grid-v1\" data-id=\"c1deb5b\" data-element_type=\"widget\" data-settings=\"{&quot;_animation&quot;:&quot;fadeInUp&quot;}\" data-widget_type=\"luxride-service-grid-v1.default\">\n\t\t\t\t<div class=\"elementor-widget-container\">\n\t\t\t\t\t \n    <div class=\"grid_view\">\n        <div class=\"row\">\n                                                     \n                        <article class=\"col-xl-3 col-lg-4 col-md-6 col-sm-6\"> \n                        <div class=\"cardService mb_30 one\">\n                                    <div class=\"cardImage img_obj_fit_center\"> \n                                        <img fetchpriority=\"high\" decoding=\"async\" width=\"570\" height=\"380\" src=\"https:\/\/test.vaninblack.hu\/wp-content\/uploads\/2024\/04\/daytrips-scaled.jpg\" class=\"trans wp-post-image\" alt=\"\" srcset=\"https:\/\/test.vaninblack.hu\/wp-content\/uploads\/2024\/04\/daytrips-scaled.jpg 2560w, https:\/\/test.vaninblack.hu\/wp-content\/uploads\/2024\/04\/daytrips-300x200.jpg 300w, https:\/\/test.vaninblack.hu\/wp-content\/uploads\/2024\/04\/daytrips-1024x683.jpg 1024w, https:\/\/test.vaninblack.hu\/wp-content\/uploads\/2024\/04\/daytrips-768x512.jpg 768w, https:\/\/test.vaninblack.hu\/wp-content\/uploads\/2024\/04\/daytrips-1536x1024.jpg 1536w, https:\/\/test.vaninblack.hu\/wp-content\/uploads\/2024\/04\/daytrips-2048x1365.jpg 2048w, https:\/\/test.vaninblack.hu\/wp-content\/uploads\/2024\/04\/daytrips-18x12.jpg 18w, https:\/\/test.vaninblack.hu\/wp-content\/uploads\/2024\/04\/daytrips-600x400.jpg 600w\" sizes=\"(max-width: 570px) 100vw, 570px\" \/> \n                                                       \n         \n                                    <\/div>\n                                    <div class=\"cardInfo\">\n                                                                        <a href=\"https:\/\/test.vaninblack.hu\/en\/service\/egynapos\/\" rel=\"bookmark\" class=\"font-20 trim-2 mb_10 color-white\">Day trips<\/a>\n                                    <div class=\"box-inner-info\">\n                                                                                <a class=\"btn-arrow-up\" href=\"https:\/\/test.vaninblack.hu\/en\/service\/egynapos\/\">\n                                            <svg class=\"icon-16\" fill=\"none\" stroke=\"currentColor\" stroke-width=\"1.5\" viewbox=\"0 0 24 24\" xmlns=\"http:\/\/www.w3.org\/2000\/svg\" aria-hidden=\"true\">\n                                            <path stroke-linecap=\"round\" stroke-linejoin=\"round\" d=\"M4.5 19.5l15-15m0 0H8.25m11.25 0v11.25\"><\/path>\n                                            <\/svg>\n                                        <\/a>\n                                        <\/div>\n                                    <\/div> \n                                <\/div>\n                        <\/article> \n                                                                                         \n                        <article class=\"col-xl-3 col-lg-4 col-md-6 col-sm-6\"> \n                        <div class=\"cardService mb_30 one\">\n                                    <div class=\"cardImage img_obj_fit_center\"> \n                                        <img decoding=\"async\" width=\"570\" height=\"380\" src=\"https:\/\/test.vaninblack.hu\/wp-content\/uploads\/2025\/12\/slide4hun-1-scaled.jpg\" class=\"trans wp-post-image\" alt=\"\" srcset=\"https:\/\/test.vaninblack.hu\/wp-content\/uploads\/2025\/12\/slide4hun-1-scaled.jpg 2560w, https:\/\/test.vaninblack.hu\/wp-content\/uploads\/2025\/12\/slide4hun-1-300x200.jpg 300w, https:\/\/test.vaninblack.hu\/wp-content\/uploads\/2025\/12\/slide4hun-1-1024x683.jpg 1024w, https:\/\/test.vaninblack.hu\/wp-content\/uploads\/2025\/12\/slide4hun-1-768x512.jpg 768w, https:\/\/test.vaninblack.hu\/wp-content\/uploads\/2025\/12\/slide4hun-1-1536x1024.jpg 1536w, https:\/\/test.vaninblack.hu\/wp-content\/uploads\/2025\/12\/slide4hun-1-2048x1365.jpg 2048w, https:\/\/test.vaninblack.hu\/wp-content\/uploads\/2025\/12\/slide4hun-1-600x400.jpg 600w\" sizes=\"(max-width: 570px) 100vw, 570px\" \/> \n                                                       \n         \n                                    <\/div>\n                                    <div class=\"cardInfo\">\n                                                                        <a href=\"https:\/\/test.vaninblack.hu\/en\/service\/eskuvo-fesztival\/\" rel=\"bookmark\" class=\"font-20 trim-2 mb_10 color-white\">Festivals and\/or weddings<\/a>\n                                    <div class=\"box-inner-info\">\n                                                                                <a class=\"btn-arrow-up\" href=\"https:\/\/test.vaninblack.hu\/en\/service\/eskuvo-fesztival\/\">\n                                            <svg class=\"icon-16\" fill=\"none\" stroke=\"currentColor\" stroke-width=\"1.5\" viewbox=\"0 0 24 24\" xmlns=\"http:\/\/www.w3.org\/2000\/svg\" aria-hidden=\"true\">\n                                            <path stroke-linecap=\"round\" stroke-linejoin=\"round\" d=\"M4.5 19.5l15-15m0 0H8.25m11.25 0v11.25\"><\/path>\n                                            <\/svg>\n                                        <\/a>\n                                        <\/div>\n                                    <\/div> \n                                <\/div>\n                        <\/article> \n                                                                                         \n                        <article class=\"col-xl-3 col-lg-4 col-md-6 col-sm-6\"> \n                        <div class=\"cardService mb_30 one\">\n                                    <div class=\"cardImage img_obj_fit_center\"> \n                                        <img decoding=\"async\" width=\"570\" height=\"253\" src=\"https:\/\/test.vaninblack.hu\/wp-content\/uploads\/2024\/04\/repteri-transzfer-scaled.jpg\" class=\"trans wp-post-image\" alt=\"\" srcset=\"https:\/\/test.vaninblack.hu\/wp-content\/uploads\/2024\/04\/repteri-transzfer-scaled.jpg 2560w, https:\/\/test.vaninblack.hu\/wp-content\/uploads\/2024\/04\/repteri-transzfer-300x133.jpg 300w, https:\/\/test.vaninblack.hu\/wp-content\/uploads\/2024\/04\/repteri-transzfer-1024x455.jpg 1024w, https:\/\/test.vaninblack.hu\/wp-content\/uploads\/2024\/04\/repteri-transzfer-768x341.jpg 768w, https:\/\/test.vaninblack.hu\/wp-content\/uploads\/2024\/04\/repteri-transzfer-1536x683.jpg 1536w, https:\/\/test.vaninblack.hu\/wp-content\/uploads\/2024\/04\/repteri-transzfer-2048x910.jpg 2048w, https:\/\/test.vaninblack.hu\/wp-content\/uploads\/2024\/04\/repteri-transzfer-18x8.jpg 18w, https:\/\/test.vaninblack.hu\/wp-content\/uploads\/2024\/04\/repteri-transzfer-600x267.jpg 600w\" sizes=\"(max-width: 570px) 100vw, 570px\" \/> \n                                                       \n         \n                                    <\/div>\n                                    <div class=\"cardInfo\">\n                                                                        <a href=\"https:\/\/test.vaninblack.hu\/en\/service\/repuloteri-transzfer\/\" rel=\"bookmark\" class=\"font-20 trim-2 mb_10 color-white\">Airport transfer<\/a>\n                                    <div class=\"box-inner-info\">\n                                                                                <a class=\"btn-arrow-up\" href=\"https:\/\/test.vaninblack.hu\/en\/service\/repuloteri-transzfer\/\">\n                                            <svg class=\"icon-16\" fill=\"none\" stroke=\"currentColor\" stroke-width=\"1.5\" viewbox=\"0 0 24 24\" xmlns=\"http:\/\/www.w3.org\/2000\/svg\" aria-hidden=\"true\">\n                                            <path stroke-linecap=\"round\" stroke-linejoin=\"round\" d=\"M4.5 19.5l15-15m0 0H8.25m11.25 0v11.25\"><\/path>\n                                            <\/svg>\n                                        <\/a>\n                                        <\/div>\n                                    <\/div> \n                                <\/div>\n                        <\/article> \n                                                                                         \n                        <article class=\"col-xl-3 col-lg-4 col-md-6 col-sm-6\"> \n                        <div class=\"cardService mb_30 one\">\n                                    <div class=\"cardImage img_obj_fit_center\"> \n                                        <img loading=\"lazy\" decoding=\"async\" width=\"570\" height=\"226\" src=\"https:\/\/test.vaninblack.hu\/wp-content\/uploads\/2024\/05\/banner-8.jpeg\" class=\"trans wp-post-image\" alt=\"\" srcset=\"https:\/\/test.vaninblack.hu\/wp-content\/uploads\/2024\/05\/banner-8.jpeg 1920w, https:\/\/test.vaninblack.hu\/wp-content\/uploads\/2024\/05\/banner-8-600x238.jpeg 600w\" sizes=\"(max-width: 570px) 100vw, 570px\" \/> \n                                                       \n         \n                                    <\/div>\n                                    <div class=\"cardInfo\">\n                                                                        <a href=\"https:\/\/test.vaninblack.hu\/en\/service\/uzleti-transzfer\/\" rel=\"bookmark\" class=\"font-20 trim-2 mb_10 color-white\">Business transportation<\/a>\n                                    <div class=\"box-inner-info\">\n                                                                                <a class=\"btn-arrow-up\" href=\"https:\/\/test.vaninblack.hu\/en\/service\/uzleti-transzfer\/\">\n                                            <svg class=\"icon-16\" fill=\"none\" stroke=\"currentColor\" stroke-width=\"1.5\" viewbox=\"0 0 24 24\" xmlns=\"http:\/\/www.w3.org\/2000\/svg\" aria-hidden=\"true\">\n                                            <path stroke-linecap=\"round\" stroke-linejoin=\"round\" d=\"M4.5 19.5l15-15m0 0H8.25m11.25 0v11.25\"><\/path>\n                                            <\/svg>\n                                        <\/a>\n                                        <\/div>\n                                    <\/div> \n                                <\/div>\n                        <\/article> \n                                                                                          \n                 \n    <\/div>\n            <div class=\"row\">\n            <div class=\"col-lg-12\">\n                <div class=\"pagination_service pagination-area\"> \n                              \n                <\/div>\n            <\/div>     \n        <\/div> \n      \n    <\/div>\n\t\t\t\t<\/div>\n\t\t\t\t<\/div>\n\t\t\t\t\t<\/div>\n\t\t\t\t<\/div>\n\t\t\t\t<\/div>","protected":false},"excerpt":{"rendered":"<p>Szolg\u00e1ltat\u00e1saink Egy napos kir\u00e1ndul\u00e1sok Esk\u00fcv\u0151 \u00e9s\/vagy fesztiv\u00e1l Rep\u00fcl\u0151t\u00e9ri transzfer \u00dczleti transzfer<\/p>","protected":false},"author":1,"featured_media":0,"parent":0,"menu_order":0,"comment_status":"closed","ping_status":"closed","template":"template-fullwidth.php","meta":{"footnotes":""},"class_list":["post-5332","page","type-page","status-publish","hentry"],"_links":{"self":[{"href":"https:\/\/test.vaninblack.hu\/en\/wp-json\/wp\/v2\/pages\/5332","targetHints":{"allow":["GET"]}}],"collection":[{"href":"https:\/\/test.vaninblack.hu\/en\/wp-json\/wp\/v2\/pages"}],"about":[{"href":"https:\/\/test.vaninblack.hu\/en\/wp-json\/wp\/v2\/types\/page"}],"author":[{"embeddable":true,"href":"https:\/\/test.vaninblack.hu\/en\/wp-json\/wp\/v2\/users\/1"}],"replies":[{"embeddable":true,"href":"https:\/\/test.vaninblack.hu\/en\/wp-json\/wp\/v2\/comments?post=5332"}],"version-history":[{"count":46,"href":"https:\/\/test.vaninblack.hu\/en\/wp-json\/wp\/v2\/pages\/5332\/revisions"}],"predecessor-version":[{"id":10129,"href":"https:\/\/test.vaninblack.hu\/en\/wp-json\/wp\/v2\/pages\/5332\/revisions\/10129"}],"wp:attachment":[{"href":"https:\/\/test.vaninblack.hu\/en\/wp-json\/wp\/v2\/media?parent=5332"}],"curies":[{"name":"wp","href":"https:\/\/api.w.org\/{rel}","templated":true}]}}